{"id":350,"date":"2025-01-14T16:24:01","date_gmt":"2025-01-14T16:24:01","guid":{"rendered":"https:\/\/uk.com.tr\/?page_id=350"},"modified":"2025-01-16T20:04:33","modified_gmt":"2025-01-16T20:04:33","slug":"cerez-politikasi","status":"publish","type":"page","link":"https:\/\/www.uk.com.tr\/en\/cerez-politikasi\/","title":{"rendered":"Cookie Policy"},"content":{"rendered":"<p>Uzay Konstr\u00fcksiyon Sistemleri \u0130n\u015faat Sanayi ve Ticaret Anonim \u015eirketi olarak internet sitelerimizden en verimli \u015fekilde faydalanabilmeniz ve kullan\u0131c\u0131 deneyiminizi geli\u015ftirebilmek i\u00e7in \u00e7erezler kullanmaktay\u0131z. \u00c7erez kullan\u0131lmas\u0131n\u0131 tercih etmezseniz taray\u0131c\u0131n\u0131z\u0131n ayarlar\u0131ndan veya a\u015fa\u011f\u0131daki detayl\u0131 \u00e7erez kald\u0131r\u0131m a\u00e7\u0131klamas\u0131ndan \u00e7erezleri silebilir ya da engelleyebilirsiniz. Ancak bunun internet sitelerimizin kullan\u0131m\u0131n\u0131z\u0131 etkileyebilece\u011fini hat\u0131rlatmak isteriz. Taray\u0131c\u0131n\u0131zdan \u00e7erez ayarlar\u0131n\u0131z\u0131 de\u011fi\u015ftirmedi\u011finiz s\u00fcrece internet sitelerimizde \u00e7erez kullan\u0131m\u0131n\u0131 kabul etti\u011finizi varsayaca\u011f\u0131z. Toplanan verilerle ilgili d\u00fczenlemelere internet sitelerimizde yer alan Ayd\u0131nlatma Metninden ula\u015fabilirsiniz.<\/p>\n\n\n\n<p>\u00c7erezlerimiz, internet sitelerimizi kullanman\u0131z s\u0131ras\u0131nda size ki\u015fiselle\u015ftirilmi\u015f bir deneyim sunmak, hizmetlerimizi geli\u015ftirmek ve deneyiminizi iyile\u015ftirmek i\u00e7in kullan\u0131l\u0131r.<\/p>\n\n\n\n<p>\u00c7erezler kullan\u0131m ama\u00e7 ve \u015fekillerine g\u00f6re farkl\u0131 ba\u015fl\u0131klarda de\u011ferlendirilebilirler. Bu ba\u015fl\u0131klardan baz\u0131lar\u0131 a\u015fa\u011f\u0131da a\u00e7\u0131klanm\u0131\u015ft\u0131r;<\/p>\n\n\n\n<p><strong>Oturum \u00e7erezleri: <\/strong>Ge\u00e7ici \u00e7erezlerdir, taray\u0131c\u0131n\u0131z\u0131 kapatt\u0131\u011f\u0131n\u0131zda silinirler, yani kal\u0131c\u0131 de\u011fillerdir. Sitelerimizin ve sizin, ziyaretinizde g\u00fcvenli\u011fini, s\u00fcreklili\u011fini sa\u011flamak gibi ama\u00e7larla kullan\u0131l\u0131rlar.<\/p>\n\n\n\n<p><strong>Kal\u0131c\u0131 \u00e7erezler:<\/strong> Sizin bir hareketinizle ya da \u00e7erezin i\u00e7erisindeki s\u00fcre aral\u0131\u011f\u0131 sona erene kadar taray\u0131c\u0131n\u0131z\u0131n alt klas\u00f6rlerinde tutulurlar. Bu \u00e7erezler sizin bilgilerinizi ve se\u00e7imlerinizi bir sonraki ziyaretinizde internet sitemizin hat\u0131rlamas\u0131na yard\u0131mc\u0131 olurlar.<\/p>\n\n\n\n<p><strong>Birinci ve \u00fc\u00e7\u00fcnc\u00fc ki\u015fi \u00e7erezler:<\/strong> Birinci ki\u015fi \u00e7erezler sitemiz taraf\u0131ndan kullan\u0131lan \u00e7erezlerdir. \u00dc\u00e7\u00fcnc\u00fc ki\u015fi \u00e7erezler ise sitemiz haricinde bilgisayar\u0131n\u0131za kurulan \u00e7erezlerdir.<\/p>\n\n\n\n<p><strong>Zorunlu \u00e7erezler:<\/strong> www.uk.com.tr internet sitelerinin d\u00fczg\u00fcn \u015fekilde \u00e7al\u0131\u015fabilmesi i\u00e7in, \u00f6zelliklerinin d\u00fczg\u00fcn \u015fekilde sunulabilmesi amac\u0131yla kurulan anonim nitelikte \u00e7erezlerdir.<\/p>\n\n\n\n<p><strong>\u0130\u015flevsel ve analitik \u00e7erezler:<\/strong> Tercihlerinizin hat\u0131rlanmas\u0131 ve gezinme deneyiminizi geli\u015ftirmemize yarayan i\u015flevsel \u00e7erezler ve hangi sayfalar\u0131m\u0131z\u0131n daha fazla ilgi \u00e7ekti\u011fini, hangi kaynaklar\u0131n daha \u00e7ok g\u00f6r\u00fcnt\u00fclendi\u011fini g\u00f6rmemize yarayan, sitelerimizdeki trafi\u011fi g\u00f6rerek bu trafi\u011fe uygun hizmet sa\u011flamam\u0131z\u0131 sa\u011flayan analitik \u00e7erezler kullan\u0131lmaktad\u0131r. Bu nitelikte \u00e7erezler de anonimdir.<\/p>\n\n\n\n<p>Uzay Konstr\u00fcksiyon Sistemleri \u0130n\u015faat Sanayi ve Ticaret Anonim \u015eirketi\u2019nin, internet sitesi ve\/veya sitelerinde veya mobil web de oturum \u00e7erezleri, zorunlu \u00e7erezler, kal\u0131c\u0131 \u00e7erezler ile i\u015flevsel ve analitik \u00e7erezleri kullanmaktad\u0131r. WEB S\u0130TES\u0130NDE BU SAYILI \u00c7EREZLERDEN HANG\u0130S\u0130 YOKSA S\u0130L\u0130NECEKT\u0130R.<\/p>\n\n\n\n<p><strong>Sitelerimizin kulland\u0131\u011f\u0131 zorunlu ve birinci parti olanlar haricinde kullan\u0131lan \u00e7erezler \u015funlard\u0131r:<\/strong><\/p>\n\n\n\n<p><strong>A\u015eA\u011eIDA RENKL\u0130 YAZILAN \u00c7EREZLER WEB S\u0130TES\u0130NDE YOKSA S\u0130L\u0130NMEL\u0130D\u0130R<\/strong><\/p>\n\n\n\n<p><strong>Google:<\/strong> Google \u00e7erezleri pek \u00e7ok ama\u00e7la kullan\u0131labilir. \u00d6rne\u011fin, g\u00fcvenli arama tercihlerinizi hat\u0131rlamak, size daha alakal\u0131 reklamlar g\u00f6stermek, bir sayfaya ka\u00e7 ziyaret\u00e7i geldi\u011fini belirlemek, Google taraf\u0131ndan sunulan hizmetleri kullanman\u0131za ve bunlara kaydolman\u0131za yard\u0131mc\u0131 olmak, verilerinizi korumak veya reklam ayarlar\u0131n\u0131z\u0131 hat\u0131rlamak i\u00e7in kullan\u0131r.<\/p>\n\n\n\n<p><strong>Google Analytics:<\/strong> Kullan\u0131c\u0131lar\u0131n internet sitesini nas\u0131l kulland\u0131\u011f\u0131n\u0131 analiz eden bir web analiz arac\u0131d\u0131r. Anonim olan bilgilerin yan\u0131 s\u0131ra internet sitesini kullanman\u0131zla ilgili ki\u015fisel veri niteli\u011findeki bilgiler (\u0130sim, adres, e-mail adresi, IP adresi) taray\u0131c\u0131n\u0131z taraf\u0131ndan Google\u2019a g\u00f6nderilir ve Google taraf\u0131ndan i\u015flenir.<\/p>\n\n\n\n<p><strong>Google Translate: <\/strong>Bu \u00e7erez \u00e7eviri tercihini saklar. \u00c7eviri dilleri i\u00e7erir, \u00f6rne\u011fin \u2018\/ en \/ it (\u0130ngilizce\u2019den \u0130talyanca\u2019ya)\u2019 ve taray\u0131c\u0131n\u0131z\u0131 kapatt\u0131\u011f\u0131n\u0131zda sona erer. Dil se\u00e7imi, arama sonu\u00e7lar\u0131n\u0131n bi\u00e7imi, bilgilerin nas\u0131l g\u00f6r\u00fcnt\u00fclenece\u011fi gibi temel tercihleri hat\u0131rlar. B\u00f6ylece ziyaret\u00e7inin siteyi her kullan\u0131\u015f\u0131nda tercihleri ayarlamas\u0131 gerekmez. Google \u00c7eviri \u00f6zelli\u011fini kullanmazsan\u0131z bu \u00e7erez saklanmaz.<\/p>\n\n\n\n<p><strong>Google Tag Manager:<\/strong> Bu \u00e7erezler bir dahaki ziyaretinizde sizi tan\u0131mam\u0131za izin veren cihaz\u0131n\u0131za \u00f6zg\u00fcn ve rastgele olu\u015fturulmu\u015f bir kimlik (ID) atayarak internet sitesi kullan\u0131m\u0131n\u0131z\u0131 analiz etmemizi sa\u011flayacakt\u0131r. Bilgileriniz taray\u0131c\u0131n\u0131z taraf\u0131ndan Google\u2019a g\u00f6nderilir ve Google taraf\u0131ndan i\u015flenir.<\/p>\n\n\n\n<p><strong>Gravatar:<\/strong> \u201cAvatar\u201d Sizi \u00e7evrimi\u00e7i olarak temsil eden bir resimdir; web siteleriyle etkile\u015fim kurdu\u011funuzda ad\u0131n\u0131z\u0131n yan\u0131nda g\u00f6r\u00fcn\u00fcr. Profilinizi y\u00fckler ve profilinizi yaln\u0131zca bir kez olu\u015fturur ve ard\u0131ndan Gravatar\u2019\u0131n etkin oldu\u011fu herhangi bir siteye kat\u0131ld\u0131\u011f\u0131n\u0131zda, Gravatar, Avatar resminiz \u00fczerinden sizi otomatik olarak orada izler. Her WordPress.com hesab\u0131na otomatik olarak dahil edilir ve Automattic taraf\u0131ndan \u00e7al\u0131\u015ft\u0131r\u0131l\u0131r ve desteklenir.<\/p>\n\n\n\n<p><strong>Youtube:<\/strong> Web sitemiz Youtube gibi Google \u00fcr\u00fcn ve i\u00e7eriklerinden faydalanmaktad\u0131r. Yotube \u00fcr\u00fcn\u00fcn\u00fcn bulundu\u011fu sayfalarda Google, kullan\u0131c\u0131lar\u0131n belirli \u00f6zellikleri veya tercihleri se\u00e7ip se\u00e7medi\u011fini kontrol etmek \u00fczere baz\u0131 \u00e7erezler kullan\u0131r ve bu \u00e7erezleri youtube.com alan ad\u0131 alt\u0131nda depolar.<\/p>\n\n\n\n<p><strong>Google Ajax Search Api : <\/strong>Web genelinde reklam ki\u015fiselle\u015ftirme platformudur. YouTube ve reklam g\u00f6stermek i\u00e7in Google ile i\u015f ortakl\u0131\u011f\u0131 yapan 2 milyondan fazla web sitesinde kullan\u0131c\u0131lara \u00f6zel ki\u015fiselle\u015ftirilmi\u015f reklamlar g\u00f6sterilmesini sa\u011flamak amac\u0131yla kullan\u0131l\u0131r. Bu \u00e7erezler(tan\u0131mlama bilgileri) \u0130nternet siteleri ve kullan\u0131c\u0131lar\u0131n hem \u0130nternet sitemizde hem de \u0130nternet sitemizin d\u0131\u015f\u0131nda ziyaret ettikleri her bir sayfa hakk\u0131nda veriler toplamak i\u00e7in kullan\u0131l\u0131r (bunlar sizin ilgi alanlar\u0131n\u0131z ve \u00f6zellikleriniz gibi \u015feyleri g\u00f6sterebilir). Genelde size ve ilgi alanlar\u0131n\u0131za daha uygun reklamlar g\u00f6stermek ve bir reklam kampanyas\u0131n\u0131n ne kadar etkili oldu\u011funu \u00f6l\u00e7mekte kullan\u0131l\u0131rlar. Bu bilgiler, ba\u015fka \u0130nternet sitelerini nas\u0131l kulland\u0131\u011f\u0131n\u0131za dair bilgilerle beraber kullan\u0131lmak ve bizim (ve ba\u015fkalar\u0131n\u0131n) \u0130nternet sitelerini ziyaret eden kullan\u0131c\u0131lar\u0131n ortak ilgi alanlar\u0131n\u0131 ve davran\u0131\u015flar\u0131n\u0131 belirlemek \u00fczere reklamc\u0131lar ve ortaklar\u0131m\u0131z gibi ba\u015fka kurulu\u015flarla payla\u015f\u0131l\u0131r.<\/p>\n\n\n\n<p>Kullan\u0131c\u0131 internet taray\u0131c\u0131lar\u0131n\u0131n \u201cyard\u0131m\u201d dosyas\u0131nda verilen talimatlar\u0131 izleyerek yada \u201dwww.allaboutcookies.org\u201d veya \u201c<a href=\"http:\/\/www.youronlinechoices.eu\/\">www.youronlinechoices.eu<\/a>\u201d adresini ziyaret ederek kal\u0131c\u0131 \u00e7erezleri kald\u0131rabilir ve hem oturum \u00e7erezlerini hem de kal\u0131c\u0131 \u00e7erezleri reddedebilir. Kullan\u0131c\u0131 kal\u0131c\u0131 \u00e7erezleri veya oturum \u00e7erezlerini reddetmesi halinde, s\u00f6z konusu web sitesini veya mobil web\u2019i kullanmaya devam edebilir, fakat s\u00f6z konusu mecralar\u0131n t\u00fcm i\u015flevlerine eri\u015femeyebilir veya eri\u015fimi s\u0131n\u0131rl\u0131 olabilir.<\/p>\n\n\n\n<p><strong>\u00c7erezler nas\u0131l silinir?<\/strong><\/p>\n\n\n\n<p>\u00c7erezlerin \u00e7o\u011funun silinmesi kolayd\u0131r.&nbsp;Sadece taray\u0131c\u0131n\u0131z\u0131 se\u00e7in ve talimatlar\u0131 izleyin.<\/p>\n\n\n\n<p>\u200b<strong>Chrome<\/strong><\/p>\n\n\n\n<ol class=\"wp-block-list\">\n<li>Klavyenizde Ctrl + Shift + Delete tu\u015flar\u0131na bas\u0131n.<\/li>\n\n\n\n<li>Bir zaman aral\u0131\u011f\u0131 se\u00e7in.<\/li>\n\n\n\n<li>\u2018\u00c7erezler ve di\u011fer site verileri\u2019 onay kutusunu se\u00e7in.<\/li>\n\n\n\n<li>\u201cVerileri temizle\u201d d\u00fc\u011fmesini t\u0131klay\u0131n.<\/li>\n<\/ol>\n\n\n\n<p><strong>Firefox<\/strong><\/p>\n\n\n\n<ol class=\"wp-block-list\">\n<li>Klavyenizde Ctrl + Shift + Delete tu\u015flar\u0131na bas\u0131n.<\/li>\n\n\n\n<li>Temizlenecek bir zaman aral\u0131\u011f\u0131 se\u00e7in.<\/li>\n\n\n\n<li>\u2018\u00c7erezler\u2019 onay kutusunu se\u00e7in.<\/li>\n\n\n\n<li>\u201c\u015eimdi temizle\u201d d\u00fc\u011fmesini t\u0131klay\u0131n.<\/li>\n<\/ol>\n\n\n\n<p>&nbsp;<strong>Safari<\/strong><\/p>\n\n\n\n<ol class=\"wp-block-list\">\n<li>Safari men\u00fcs\u00fcnden Tercihler\u2019 i se\u00e7in.<\/li>\n\n\n\n<li>Gizlilik sekmesine gidin.<\/li>\n\n\n\n<li>\u2018Web sitesi verilerini y\u00f6net\u2019 i t\u0131klay\u0131n.<\/li>\n\n\n\n<li>\u2018T\u00fcm\u00fcn\u00fc Kald\u0131r\u2019 \u0131 t\u0131klay\u0131n.<\/li>\n<\/ol>\n\n\n\n<p><strong>Edge<\/strong><\/p>\n\n\n\n<ol class=\"wp-block-list\">\n<li>Klavyenizde Ctrl + Shift + Delete tu\u015flar\u0131na bas\u0131n.<\/li>\n\n\n\n<li>\u2018\u00c7erezler ve kaydedilmi\u015f web sitesi verileri\u2019 onay kutusunu se\u00e7in.<\/li>\n\n\n\n<li>\u201cTemizle\u201d d\u00fc\u011fmesini t\u0131klay\u0131n.<\/li>\n<\/ol>\n\n\n\n<p><strong>Internet Explorer<\/strong><\/p>\n\n\n\n<ol class=\"wp-block-list\">\n<li>Klavyenizde Ctrl + Shift + Delete tu\u015flar\u0131na bas\u0131n.<\/li>\n\n\n\n<li>\u2018\u00c7erezler ve web sitesi verileri\u2019 onay kutusunu se\u00e7in.<\/li>\n\n\n\n<li>\u201cSil\u201d d\u00fc\u011fmesini t\u0131klay\u0131n.<\/li>\n<\/ol>","protected":false},"excerpt":{"rendered":"<p>Uzay Konstr\u00fcksiyon Sistemleri \u0130n\u015faat Sanayi ve Ticaret Anonim \u015eirketi olarak internet sitelerimizden en verimli \u015fekilde faydalanabilmeniz ve kullan\u0131c\u0131 deneyiminizi geli\u015ftirebilmek i\u00e7in \u00e7erezler kullanmaktay\u0131z. \u00c7erez kullan\u0131lmas\u0131n\u0131 tercih etmezseniz taray\u0131c\u0131n\u0131z\u0131n ayarlar\u0131ndan veya a\u015fa\u011f\u0131daki detayl\u0131 \u00e7erez kald\u0131r\u0131m a\u00e7\u0131klamas\u0131ndan \u00e7erezleri silebilir ya da engelleyebilirsiniz. Ancak bunun internet sitelerimizin kullan\u0131m\u0131n\u0131z\u0131 etkileyebilece\u011fini hat\u0131rlatmak isteriz. Taray\u0131c\u0131n\u0131zdan \u00e7erez ayarlar\u0131n\u0131z\u0131 de\u011fi\u015ftirmedi\u011finiz s\u00fcrece internet sitelerimizde &hellip; <\/p>\n<p class=\"link-more\"><a href=\"https:\/\/www.uk.com.tr\/en\/cerez-politikasi\/\" class=\"more-link\">Read more<span class=\"screen-reader-text\"> &#8220;\u00c7erez Politikas\u0131&#8221;<\/span><\/a><\/p>","protected":false},"author":1,"featured_media":0,"parent":0,"menu_order":0,"comment_status":"closed","ping_status":"closed","template":"default-page","meta":{"_acf_changed":false,"footnotes":""},"class_list":["post-350","page","type-page","status-publish","hentry"],"acf":[],"featured_media_urls":[],"_links":{"self":[{"href":"https:\/\/www.uk.com.tr\/en\/wp-json\/wp\/v2\/pages\/350","targetHints":{"allow":["GET"]}}],"collection":[{"href":"https:\/\/www.uk.com.tr\/en\/wp-json\/wp\/v2\/pages"}],"about":[{"href":"https:\/\/www.uk.com.tr\/en\/wp-json\/wp\/v2\/types\/page"}],"author":[{"embeddable":true,"href":"https:\/\/www.uk.com.tr\/en\/wp-json\/wp\/v2\/users\/1"}],"replies":[{"embeddable":true,"href":"https:\/\/www.uk.com.tr\/en\/wp-json\/wp\/v2\/comments?post=350"}],"version-history":[{"count":5,"href":"https:\/\/www.uk.com.tr\/en\/wp-json\/wp\/v2\/pages\/350\/revisions"}],"predecessor-version":[{"id":600,"href":"https:\/\/www.uk.com.tr\/en\/wp-json\/wp\/v2\/pages\/350\/revisions\/600"}],"wp:attachment":[{"href":"https:\/\/www.uk.com.tr\/en\/wp-json\/wp\/v2\/media?parent=350"}],"curies":[{"name":"wp","href":"https:\/\/api.w.org\/{rel}","templated":true}]}}