{"id":113,"date":"2025-01-14T08:01:38","date_gmt":"2025-01-14T08:01:38","guid":{"rendered":"https:\/\/uk.com.tr\/?page_id=113"},"modified":"2026-02-16T10:58:03","modified_gmt":"2026-02-16T10:58:03","slug":"hakkimizda","status":"publish","type":"page","link":"https:\/\/www.uk.com.tr\/en\/hakkimizda\/","title":{"rendered":"About Us"},"content":{"rendered":"<div class=\"wp-block-columns are-vertically-aligned-top is-layout-flex wp-container-core-columns-is-layout-4b84a608 wp-block-columns-is-layout-flex\">\n<div class=\"wp-block-column is-vertically-aligned-top is-layout-flow wp-block-column-is-layout-flow\">\n<figure class=\"wp-block-image size-large\"><img loading=\"lazy\" decoding=\"async\" width=\"1024\" height=\"576\" src=\"https:\/\/www.uk.com.tr\/wp-content\/uploads\/2025\/03\/DSC00974-2_-1-1024x576.jpg\" alt=\"\" class=\"wp-image-1164\" style=\"aspect-ratio:4\/3;object-fit:cover\" srcset=\"https:\/\/www.uk.com.tr\/wp-content\/uploads\/2025\/03\/DSC00974-2_-1-1024x576.jpg 1024w, https:\/\/www.uk.com.tr\/wp-content\/uploads\/2025\/03\/DSC00974-2_-1-300x169.jpg 300w, https:\/\/www.uk.com.tr\/wp-content\/uploads\/2025\/03\/DSC00974-2_-1-2000x1126.jpg 2000w, https:\/\/www.uk.com.tr\/wp-content\/uploads\/2025\/03\/DSC00974-2_-1-18x10.jpg 18w, https:\/\/www.uk.com.tr\/wp-content\/uploads\/2025\/03\/DSC00974-2_-1-1536x864.jpg 1536w, https:\/\/www.uk.com.tr\/wp-content\/uploads\/2025\/03\/DSC00974-2_-1-2048x1153.jpg 2048w, https:\/\/www.uk.com.tr\/wp-content\/uploads\/2025\/03\/DSC00974-2_-1-200x113.jpg 200w, https:\/\/www.uk.com.tr\/wp-content\/uploads\/2025\/03\/DSC00974-2_-1-600x338.jpg 600w, https:\/\/www.uk.com.tr\/wp-content\/uploads\/2025\/03\/DSC00974-2_-1-1200x675.jpg 1200w\" sizes=\"auto, (max-width: 1024px) 100vw, 1024px\" \/><\/figure>\n<\/div>\n\n\n\n<div class=\"wp-block-column is-vertically-aligned-top is-layout-flow wp-block-column-is-layout-flow\">\n<p>Founded in 2004, UK Space Frame Construction Systems is one of the most experienced companies in the sector with its administrative, project and manufacturing staff who have witnessed the growing space system adventure in Turkey since the early 80s.<br><br>Improving its production technology and manufacturing quality every year, UK has become a reliable brand not only in Turkey but also all over the world with its well-designed, high-quality, safe and economical systems.<br><br>Exporting to more than 30 countries in 4 continents, UK will continue to strengthen the perception of \u201cthe Turkish company that makes the best space frame construction systems\u201d with its customer-oriented service approach, uncompromising manufacturing quality and signature projects completed in different geographies.<\/p>\n<\/div>\n<\/div>\n\n\n\n<div class=\"wp-block-columns alignwide is-layout-flex wp-container-core-columns-is-layout-28f84493 wp-block-columns-is-layout-flex\">\n<div class=\"wp-block-column is-layout-flow wp-container-core-column-is-layout-8a368f38 wp-block-column-is-layout-flow\">\n<h2 class=\"wp-block-heading\">Quality Certificates<\/h2>\n\n\n\n<figure class=\"wp-block-gallery has-nested-images columns-4 wp-block-gallery-1 is-layout-flex wp-block-gallery-is-layout-flex\">\n<figure class=\"wp-block-image size-large has-custom-border\"><img loading=\"lazy\" decoding=\"async\" width=\"724\" height=\"1024\" data-id=\"1358\" src=\"https:\/\/www.uk.com.tr\/wp-content\/uploads\/2026\/02\/EN-ISO-1090-2009-ENG-724x1024.jpg\" alt=\"\" class=\"has-border-color has-lightgrey-border-color wp-image-1358\" style=\"border-width:1px\" srcset=\"https:\/\/www.uk.com.tr\/wp-content\/uploads\/2026\/02\/EN-ISO-1090-2009-ENG-724x1024.jpg 724w, https:\/\/www.uk.com.tr\/wp-content\/uploads\/2026\/02\/EN-ISO-1090-2009-ENG-212x300.jpg 212w, https:\/\/www.uk.com.tr\/wp-content\/uploads\/2026\/02\/EN-ISO-1090-2009-ENG-2000x2828.jpg 2000w, https:\/\/www.uk.com.tr\/wp-content\/uploads\/2026\/02\/EN-ISO-1090-2009-ENG-scaled-8x12.jpg 8w, https:\/\/www.uk.com.tr\/wp-content\/uploads\/2026\/02\/EN-ISO-1090-2009-ENG-scaled.jpg 1811w\" sizes=\"auto, (max-width: 724px) 100vw, 724px\" \/><figcaption class=\"wp-element-caption\"><strong>Factory Production Control Certificate of Conformity<\/strong><\/figcaption><\/figure>\n\n\n\n<figure class=\"wp-block-image size-large has-custom-border\"><img loading=\"lazy\" decoding=\"async\" width=\"709\" height=\"1024\" data-id=\"1359\" src=\"https:\/\/www.uk.com.tr\/wp-content\/uploads\/2026\/02\/EN-ISO-9001-2015-ENG-709x1024.jpg\" alt=\"\" class=\"has-border-color has-lightgrey-border-color wp-image-1359\" style=\"border-width:1px\" srcset=\"https:\/\/www.uk.com.tr\/wp-content\/uploads\/2026\/02\/EN-ISO-9001-2015-ENG-709x1024.jpg 709w, https:\/\/www.uk.com.tr\/wp-content\/uploads\/2026\/02\/EN-ISO-9001-2015-ENG-208x300.jpg 208w, https:\/\/www.uk.com.tr\/wp-content\/uploads\/2026\/02\/EN-ISO-9001-2015-ENG-2000x2889.jpg 2000w, https:\/\/www.uk.com.tr\/wp-content\/uploads\/2026\/02\/EN-ISO-9001-2015-ENG-scaled-8x12.jpg 8w, https:\/\/www.uk.com.tr\/wp-content\/uploads\/2026\/02\/EN-ISO-9001-2015-ENG-scaled.jpg 1772w\" sizes=\"auto, (max-width: 709px) 100vw, 709px\" \/><figcaption class=\"wp-element-caption\"><strong>ISO 9001:2015<\/strong><\/figcaption><\/figure>\n\n\n\n<figure class=\"wp-block-image size-large has-custom-border\"><img loading=\"lazy\" decoding=\"async\" width=\"716\" height=\"1024\" data-id=\"1360\" src=\"https:\/\/www.uk.com.tr\/wp-content\/uploads\/2026\/02\/EN-ISO-14001-2015-ENG-716x1024.jpg\" alt=\"\" class=\"has-border-color has-lightgrey-border-color wp-image-1360\" style=\"border-width:1px\" srcset=\"https:\/\/www.uk.com.tr\/wp-content\/uploads\/2026\/02\/EN-ISO-14001-2015-ENG-716x1024.jpg 716w, https:\/\/www.uk.com.tr\/wp-content\/uploads\/2026\/02\/EN-ISO-14001-2015-ENG-210x300.jpg 210w, https:\/\/www.uk.com.tr\/wp-content\/uploads\/2026\/02\/EN-ISO-14001-2015-ENG-2000x2862.jpg 2000w, https:\/\/www.uk.com.tr\/wp-content\/uploads\/2026\/02\/EN-ISO-14001-2015-ENG-scaled-8x12.jpg 8w, https:\/\/www.uk.com.tr\/wp-content\/uploads\/2026\/02\/EN-ISO-14001-2015-ENG-scaled.jpg 1789w\" sizes=\"auto, (max-width: 716px) 100vw, 716px\" \/><figcaption class=\"wp-element-caption\"><strong>ISO 14001:2025<\/strong><\/figcaption><\/figure>\n\n\n\n<figure class=\"wp-block-image size-large has-custom-border\"><img loading=\"lazy\" decoding=\"async\" width=\"724\" height=\"1024\" data-id=\"1362\" src=\"https:\/\/www.uk.com.tr\/wp-content\/uploads\/2026\/02\/ISO-45001-2018-ENG-724x1024.jpg\" alt=\"\" class=\"has-border-color has-lightgrey-border-color wp-image-1362\" style=\"border-width:1px\" srcset=\"https:\/\/www.uk.com.tr\/wp-content\/uploads\/2026\/02\/ISO-45001-2018-ENG-724x1024.jpg 724w, https:\/\/www.uk.com.tr\/wp-content\/uploads\/2026\/02\/ISO-45001-2018-ENG-212x300.jpg 212w, https:\/\/www.uk.com.tr\/wp-content\/uploads\/2026\/02\/ISO-45001-2018-ENG-2000x2828.jpg 2000w, https:\/\/www.uk.com.tr\/wp-content\/uploads\/2026\/02\/ISO-45001-2018-ENG-scaled-8x12.jpg 8w, https:\/\/www.uk.com.tr\/wp-content\/uploads\/2026\/02\/ISO-45001-2018-ENG-scaled.jpg 1811w\" sizes=\"auto, (max-width: 724px) 100vw, 724px\" \/><figcaption class=\"wp-element-caption\"><strong>ISO 45001:2018<\/strong><\/figcaption><\/figure>\n<\/figure>\n<\/div>\n<\/div>\n\n\n\n<div class=\"wp-block-columns is-layout-flex wp-container-core-columns-is-layout-b8f5f2c6 wp-block-columns-is-layout-flex\" style=\"border-top-color:var(--wp--preset--color--lightgrey);border-top-width:1px;border-right-style:none;border-right-width:0px;border-bottom-color:var(--wp--preset--color--lightgrey);border-bottom-width:1px;border-left-style:none;border-left-width:0px;margin-top:var(--wp--preset--spacing--medium);margin-bottom:var(--wp--preset--spacing--medium);padding-top:var(--wp--preset--spacing--x-small);padding-bottom:var(--wp--preset--spacing--x-small)\">\n<div class=\"wp-block-column is-layout-flow wp-block-column-is-layout-flow\">\n<div class=\"wp-block-columns are-vertically-aligned-center is-not-stacked-on-mobile is-layout-flex wp-container-core-columns-is-layout-430f08e6 wp-block-columns-is-layout-flex\">\n<div class=\"wp-block-column is-vertically-aligned-center is-layout-flow wp-block-column-is-layout-flow\" style=\"flex-basis:50%\">\n<p class=\"has-text-align-right has-secondary-color has-text-color has-link-color has-large-font-size wp-elements-880d6298a00b3fe87e2e56592157032f\"><strong>20+<\/strong><\/p>\n<\/div>\n\n\n\n<div class=\"wp-block-column is-vertically-aligned-center is-layout-flow wp-block-column-is-layout-flow\" style=\"flex-basis:50%\">\n<p><strong>YEARS OF<br>EXPERIENCE<\/strong><\/p>\n<\/div>\n<\/div>\n<\/div>\n\n\n\n<div class=\"wp-block-column is-layout-flow wp-block-column-is-layout-flow\">\n<div class=\"wp-block-columns are-vertically-aligned-center is-not-stacked-on-mobile is-layout-flex wp-container-core-columns-is-layout-7ea2e9f5 wp-block-columns-is-layout-flex\">\n<div class=\"wp-block-column is-vertically-aligned-center is-layout-flow wp-block-column-is-layout-flow\" style=\"flex-basis:50%\">\n<p class=\"has-text-align-right has-secondary-color has-text-color has-link-color has-large-font-size wp-elements-756b79447835d0d69c17d2c56dc44c1d\"><strong>30+<\/strong><\/p>\n<\/div>\n\n\n\n<div class=\"wp-block-column is-vertically-aligned-center is-layout-flow wp-block-column-is-layout-flow\" style=\"flex-basis:50%\">\n<p><strong>COUNTRIES<\/strong><\/p>\n<\/div>\n<\/div>\n<\/div>\n\n\n\n<div class=\"wp-block-column is-layout-flow wp-block-column-is-layout-flow\">\n<div class=\"wp-block-columns are-vertically-aligned-center is-not-stacked-on-mobile is-layout-flex wp-container-core-columns-is-layout-430f08e6 wp-block-columns-is-layout-flex\">\n<div class=\"wp-block-column is-vertically-aligned-center is-layout-flow wp-block-column-is-layout-flow\" style=\"flex-basis:50%\">\n<p class=\"has-text-align-right has-secondary-color has-text-color has-link-color has-large-font-size wp-elements-0c7c9cf76f64618223d49b3e93f02d29\"><strong>100+<\/strong><\/p>\n<\/div>\n\n\n\n<div class=\"wp-block-column is-vertically-aligned-center is-layout-flow wp-block-column-is-layout-flow\" style=\"flex-basis:50%\">\n<p><strong>HAPPY<br>CUSTOMER<\/strong><\/p>\n<\/div>\n<\/div>\n<\/div>\n\n\n\n<div class=\"wp-block-column is-layout-flow wp-block-column-is-layout-flow\">\n<div class=\"wp-block-columns are-vertically-aligned-center is-not-stacked-on-mobile is-layout-flex wp-container-core-columns-is-layout-430f08e6 wp-block-columns-is-layout-flex\">\n<div class=\"wp-block-column is-vertically-aligned-center is-layout-flow wp-block-column-is-layout-flow\" style=\"flex-basis:50%\">\n<p class=\"has-text-align-right has-secondary-color has-text-color has-link-color wp-elements-a575dd6c8fc31f1e610656a7fdd3b03d\" style=\"font-size:clamp(18.959px, 1.185rem + ((1vw - 3.2px) * 1.15), 30px);\"><strong>1000+<\/strong><\/p>\n<\/div>\n\n\n\n<div class=\"wp-block-column is-vertically-aligned-center is-layout-flow wp-block-column-is-layout-flow\" style=\"flex-basis:50%\">\n<p><strong>COMPLETED<br>PROJECTS<\/strong><\/p>\n<\/div>\n<\/div>\n<\/div>\n<\/div>\n\n\n\n<div class=\"wp-block-columns is-layout-flex wp-container-core-columns-is-layout-28f84493 wp-block-columns-is-layout-flex\">\n<div class=\"wp-block-column is-layout-flow wp-block-column-is-layout-flow\">\n<figure class=\"wp-block-embed is-type-video is-provider-youtube wp-block-embed-youtube wp-embed-aspect-16-9 wp-has-aspect-ratio\"><div class=\"wp-block-embed__wrapper\">\n<iframe loading=\"lazy\" title=\"UK Space Frame Construction Systems - Factory Tour\" width=\"950\" height=\"534\" src=\"https:\/\/www.youtube.com\/embed\/zEK1OlonW0c?feature=oembed\" frameborder=\"0\" allow=\"accelerometer; autoplay; clipboard-write; encrypted-media; gyroscope; picture-in-picture; web-share\" referrerpolicy=\"strict-origin-when-cross-origin\" allowfullscreen><\/iframe>\n<\/div><\/figure>\n<\/div>\n\n\n\n<div class=\"wp-block-column is-vertically-aligned-center is-layout-flow wp-block-column-is-layout-flow\">\n<h2 class=\"wp-block-heading has-text-align-left\">Our Factory<\/h2>\n\n\n\n<p class=\"has-text-align-left\">Watch our introduction video to discover how UK Space Frame Construction Systems inspires global construction projects!<\/p>\n\n\n\n<p class=\"has-text-align-left\"><strong>Factory Area:<\/strong> 15,000 m<sup>2<\/sup><br><strong>Annual Roof Production Capacity:<\/strong> 500,000 m<sup>2<\/sup><\/p>\n\n\n\n<p class=\"has-text-align-left\"><strong>Green energy factory:<\/strong> 75% of annual energy consumption is produced with high-efficiency solar panels.<\/p>\n\n\n\n<p class=\"has-text-align-left\"><strong>Fully computerized fabrication:<\/strong><br>Robotic and 5-axis CNC machines<br>Zero waste laser profile cutting machines<br>Robotic electro-static powder painting<br>Automatic sand-blasting machine<\/p>\n<\/div>\n<\/div>\n\n\n\n<p><\/p>","protected":false},"excerpt":{"rendered":"<p>2004 y\u0131l\u0131nda kurulmu\u015f olan Uzay Konstr\u00fcksiyon Sistemleri \u0130n\u015faat Sanayi ve Ticaret A.\u015e. T\u00fcrkiye&#8217;de 80&#8217;li y\u0131llar\u0131n ba\u015f\u0131nda ba\u015flay\u0131p b\u00fcy\u00fcyen uzay sistem ser\u00fcvenine en ba\u015f\u0131ndan beri tan\u0131kl\u0131k etmi\u015f idari, proje ve imalat kadrosuyla sekt\u00f6rdeki en deneyimli firmalar\u0131n ba\u015f\u0131nda yer almaktad\u0131r.\u2028 \u00dcretim teknolojisini ve imalat kalitesini her y\u0131l geli\u015ftiren UK, \u00fcretti\u011fi do\u011fru tasarlanm\u0131\u015f, kaliteli, g\u00fcvenli ve ekonomik sistemler &hellip; <\/p>\n<p class=\"link-more\"><a href=\"https:\/\/www.uk.com.tr\/en\/hakkimizda\/\" class=\"more-link\">Read more<span class=\"screen-reader-text\"> &#8220;Hakk\u0131m\u0131zda&#8221;<\/span><\/a><\/p>","protected":false},"author":1,"featured_media":1164,"parent":0,"menu_order":0,"comment_status":"closed","ping_status":"closed","template":"about","meta":{"_acf_changed":false,"footnotes":""},"class_list":["post-113","page","type-page","status-publish","has-post-thumbnail","hentry"],"acf":[],"featured_media_urls":{"thumbnail":["https:\/\/www.uk.com.tr\/wp-content\/uploads\/2025\/03\/DSC00974-2_-1-150x150.jpg",150,150,true],"medium":["https:\/\/www.uk.com.tr\/wp-content\/uploads\/2025\/03\/DSC00974-2_-1-300x169.jpg",300,169,true],"medium_large":["https:\/\/www.uk.com.tr\/wp-content\/uploads\/2025\/03\/DSC00974-2_-1.jpg",768,432,false],"large":["https:\/\/www.uk.com.tr\/wp-content\/uploads\/2025\/03\/DSC00974-2_-1-1024x576.jpg",950,534,true],"1536x1536":["https:\/\/www.uk.com.tr\/wp-content\/uploads\/2025\/03\/DSC00974-2_-1-1536x864.jpg",1536,864,true],"2048x2048":["https:\/\/www.uk.com.tr\/wp-content\/uploads\/2025\/03\/DSC00974-2_-1-2048x1153.jpg",2048,1153,true],"trp-custom-language-flag":["https:\/\/www.uk.com.tr\/wp-content\/uploads\/2025\/03\/DSC00974-2_-1-18x10.jpg",18,10,true],"depicter-thumbnail":["https:\/\/www.uk.com.tr\/wp-content\/uploads\/2025\/03\/DSC00974-2_-1-200x113.jpg",200,113,true],"inspiro-featured-image":["https:\/\/www.uk.com.tr\/wp-content\/uploads\/2025\/03\/DSC00974-2_-1-2000x1126.jpg",2000,1126,true],"inspiro-loop":["https:\/\/www.uk.com.tr\/wp-content\/uploads\/2025\/03\/DSC00974-2_-1-950x320.jpg",950,320,true],"inspiro-loop@2x":["https:\/\/www.uk.com.tr\/wp-content\/uploads\/2025\/03\/DSC00974-2_-1-1900x640.jpg",1900,640,true],"portfolio_item-thumbnail":["https:\/\/www.uk.com.tr\/wp-content\/uploads\/2025\/03\/DSC00974-2_-1-600x400.jpg",600,400,true],"portfolio_item-thumbnail@2x":["https:\/\/www.uk.com.tr\/wp-content\/uploads\/2025\/03\/DSC00974-2_-1-1200x800.jpg",1200,800,true],"portfolio_item-masonry":["https:\/\/www.uk.com.tr\/wp-content\/uploads\/2025\/03\/DSC00974-2_-1-600x338.jpg",600,338,true],"portfolio_item-masonry@2x":["https:\/\/www.uk.com.tr\/wp-content\/uploads\/2025\/03\/DSC00974-2_-1-1200x675.jpg",1200,675,true],"portfolio_item-thumbnail_cinema":["https:\/\/www.uk.com.tr\/wp-content\/uploads\/2025\/03\/DSC00974-2_-1-800x335.jpg",800,335,true],"portfolio_item-thumbnail_portrait":["https:\/\/www.uk.com.tr\/wp-content\/uploads\/2025\/03\/DSC00974-2_-1-600x900.jpg",600,900,true],"portfolio_item-thumbnail_portrait@2x":["https:\/\/www.uk.com.tr\/wp-content\/uploads\/2025\/03\/DSC00974-2_-1-1200x1183.jpg",1200,1183,true],"portfolio_item-thumbnail_square":["https:\/\/www.uk.com.tr\/wp-content\/uploads\/2025\/03\/DSC00974-2_-1-800x800.jpg",800,800,true]},"_links":{"self":[{"href":"https:\/\/www.uk.com.tr\/en\/wp-json\/wp\/v2\/pages\/113","targetHints":{"allow":["GET"]}}],"collection":[{"href":"https:\/\/www.uk.com.tr\/en\/wp-json\/wp\/v2\/pages"}],"about":[{"href":"https:\/\/www.uk.com.tr\/en\/wp-json\/wp\/v2\/types\/page"}],"author":[{"embeddable":true,"href":"https:\/\/www.uk.com.tr\/en\/wp-json\/wp\/v2\/users\/1"}],"replies":[{"embeddable":true,"href":"https:\/\/www.uk.com.tr\/en\/wp-json\/wp\/v2\/comments?post=113"}],"version-history":[{"count":27,"href":"https:\/\/www.uk.com.tr\/en\/wp-json\/wp\/v2\/pages\/113\/revisions"}],"predecessor-version":[{"id":1363,"href":"https:\/\/www.uk.com.tr\/en\/wp-json\/wp\/v2\/pages\/113\/revisions\/1363"}],"wp:featuredmedia":[{"embeddable":true,"href":"https:\/\/www.uk.com.tr\/en\/wp-json\/wp\/v2\/media\/1164"}],"wp:attachment":[{"href":"https:\/\/www.uk.com.tr\/en\/wp-json\/wp\/v2\/media?parent=113"}],"curies":[{"name":"wp","href":"https:\/\/api.w.org\/{rel}","templated":true}]}}