{"id":112,"date":"2025-01-14T08:01:38","date_gmt":"2025-01-14T08:01:38","guid":{"rendered":"https:\/\/uk.com.tr\/?page_id=112"},"modified":"2026-01-12T10:31:00","modified_gmt":"2026-01-12T10:31:00","slug":"homepage","status":"publish","type":"page","link":"https:\/\/www.uk.com.tr\/en\/","title":{"rendered":"Homepage"},"content":{"rendered":"<div class=\"wp-block-columns alignwide is-layout-flex wp-container-core-columns-is-layout-0cd477d5 wp-block-columns-is-layout-flex\" style=\"padding-top:var(--wp--preset--spacing--small);padding-bottom:var(--wp--preset--spacing--small)\">\n<div class=\"wp-block-column is-layout-flow wp-container-core-column-is-layout-0a386c5a wp-block-column-is-layout-flow\">\n<h1 class=\"wp-block-heading has-text-align-center\" style=\"font-size:clamp(24.034px, 1.502rem + ((1vw - 3.2px) * 1.663), 40px);\">RELIABLE &amp; ECONOMIC SOLUTIONS IN<br>SPACE FRAME CONSTRUCTION SYSTEMS<\/h1>\n\n\n\n<p class=\"has-text-align-center\">With 20 years of experience in space frame construction systems, we carry out design, production and assembly processes under one roof.<br>We add value to architectural projects with our innovative solutions and provide services at global standards.<\/p>\n\n\n\n<div class=\"wp-block-buttons is-content-justification-center is-layout-flex wp-container-core-buttons-is-layout-a89b3969 wp-block-buttons-is-layout-flex\">\n<div class=\"wp-block-button\"><a class=\"wp-block-button__link wp-element-button\" href=\"https:\/\/www.uk.com.tr\/en\/projeler\/\">OUR PROJECTS<\/a><\/div>\n<\/div>\n<\/div>\n<\/div>\n\n\n\n<p><\/p>","protected":false},"excerpt":{"rendered":"<p>UZAY KONSTR\u00dcKS\u0130YON S\u0130STEMLER\u0130NDEG\u00dcVEN\u0130L\u0130R ve EKONOM\u0130K \u00c7\u00d6Z\u00dcMLER Uzay Konstr\u00fcsiyon Sistemlerinde 20 y\u0131ll\u0131k tecr\u00fcbemizle tasar\u0131m, imalat ve montaj s\u00fcre\u00e7lerini tek \u00e7at\u0131 alt\u0131nda y\u00fcr\u00fct\u00fcyoruz.S\u00fcrd\u00fcr\u00fclebilirlik, kalite ve ekonomi odakl\u0131 yakla\u015f\u0131m\u0131m\u0131zla her projeye \u00f6zel \u00e7\u00f6z\u00fcmler \u00fcretiyor, global standartlarda hizmet sunuyoruz.<\/p>","protected":false},"author":1,"featured_media":0,"parent":0,"menu_order":0,"comment_status":"closed","ping_status":"closed","template":"custom-home","meta":{"_acf_changed":false,"footnotes":""},"class_list":["post-112","page","type-page","status-publish","hentry"],"acf":[],"featured_media_urls":[],"_links":{"self":[{"href":"https:\/\/www.uk.com.tr\/en\/wp-json\/wp\/v2\/pages\/112","targetHints":{"allow":["GET"]}}],"collection":[{"href":"https:\/\/www.uk.com.tr\/en\/wp-json\/wp\/v2\/pages"}],"about":[{"href":"https:\/\/www.uk.com.tr\/en\/wp-json\/wp\/v2\/types\/page"}],"author":[{"embeddable":true,"href":"https:\/\/www.uk.com.tr\/en\/wp-json\/wp\/v2\/users\/1"}],"replies":[{"embeddable":true,"href":"https:\/\/www.uk.com.tr\/en\/wp-json\/wp\/v2\/comments?post=112"}],"version-history":[{"count":29,"href":"https:\/\/www.uk.com.tr\/en\/wp-json\/wp\/v2\/pages\/112\/revisions"}],"predecessor-version":[{"id":1024,"href":"https:\/\/www.uk.com.tr\/en\/wp-json\/wp\/v2\/pages\/112\/revisions\/1024"}],"wp:attachment":[{"href":"https:\/\/www.uk.com.tr\/en\/wp-json\/wp\/v2\/media?parent=112"}],"curies":[{"name":"wp","href":"https:\/\/api.w.org\/{rel}","templated":true}]}}